{"id":9,"date":"2022-08-21T11:13:21","date_gmt":"2022-08-21T11:13:21","guid":{"rendered":"http:\/\/weissmarie.com\/?page_id=9"},"modified":"2025-10-16T10:56:10","modified_gmt":"2025-10-16T10:56:10","slug":"words","status":"publish","type":"page","link":"https:\/\/weissmarie.com\/index.php\/words\/","title":{"rendered":"About me"},"content":{"rendered":"\n<p>Taiteen v\u00e4lityksell\u00e4 kuljen kohti eheytymist\u00e4 ja kollektiivista kokemusta. Maalaan, kirjoitan ja teen sarjakuvia, joissa yhteiskunnalliset ja henkil\u00f6kohtaiset aiheet sulautuvat toisiinsa. Minulle taide on tapa hahmottaa todellisuutta ja pysy\u00e4 yhteydess\u00e4 itseeni ja ymp\u00e4r\u00f6iv\u00e4\u00e4n maailmaan. Tutkin, miten sis\u00e4inen kokemus voidaan muuttaa n\u00e4kyv\u00e4ksi \u2013 miten kieli ja kuva voivat yhdess\u00e4 avata jotain, joka muuten j\u00e4isi piiloon.<\/p>\n\n\n\n<p>Minulta kysyt\u00e4\u00e4n usein, miksi kuvaan taiteessani vain naisia. Ehk\u00e4 siksi, ett\u00e4 se on n\u00e4k\u00f6kulma, jonka tunnen parhaiten. Olen nuoren naisen \u00e4iti \u2013 ja se kokemus on tehnyt t\u00e4st\u00e4 n\u00e4k\u00f6kulmasta entist\u00e4 syvemm\u00e4n ja moniulotteisemman. Sama tarina toistuu suvussani: iso\u00e4itini oli tyt\u00f6n yksinhuoltaja\u00e4iti, samoin \u00e4itini \u2013 ja min\u00e4. T\u00e4m\u00e4 katkeamaton ketju vaikuttaa siihen, miten katson naiseutta, vastuuta ja selviytymist\u00e4.<\/p>\n\n\n\n<p>Aloitin tekem\u00e4\u00e4n taidetta vasta muutama vuosi sitten, vuonna 2022. Siit\u00e4 l\u00e4htien ty\u00f6skentelyni on ollut m\u00e4\u00e4r\u00e4tietoista ja jatkuvaa \u2013 kokeilemista, opettelua ja hitaasti rakentuvaa omaa kielt\u00e4. Maalaaminen oli minulle aluksi tapa pys\u00e4hty\u00e4 ja j\u00e4sent\u00e4\u00e4 asioita, joista oli vaikea puhua.<\/p>\n\n\n\n<p>Sanat alkoivat kulkea mukana. Ensin kirjoitin puhelimen muistiinpanoihin runoja ja ajatuksia. Ne oli tarkoitettu vain itse\u00e4ni varten, kunnes rohkeuteni kasvoi ja kirjaimet alkoivat pyrki\u00e4 my\u00f6s maalauksiini. Tarpeeni sanalliselle ilmaisulle jatkoi kasvuaan, ja jossain vaiheessa kirjoittaminen alkoi vaatia omaa tilaansa.<\/p>\n\n\n\n<p>Ty\u00f6skentelyni on muuttunut vuosien aikana kokeilevammaksi ja laaja-alaisemmaksi. Olen oppinut, ett\u00e4 taiteellinen kasvu ei synny suurissa harppauksissa tai itsevarmuudesta. Mielest\u00e4ni juuri niiss\u00e4 kohdissa, joissa tuntee h\u00e4pe\u00e4\u00e4, ep\u00e4r\u00f6inti\u00e4 tai paljastumisen pelkoa, syntyy jotain merkityksellist\u00e4.<\/p>\n\n\n\n<figure class=\"wp-block-image size-large\"><img loading=\"lazy\" decoding=\"async\" width=\"724\" height=\"1024\" src=\"https:\/\/i0.wp.com\/weissmarie.com\/wp-content\/uploads\/2025\/10\/Facetune_16-10-2025-13-51-42-724x1024.jpeg?resize=724%2C1024&#038;ssl=1\" alt=\"\" class=\"wp-image-4165\" srcset=\"https:\/\/i0.wp.com\/weissmarie.com\/wp-content\/uploads\/2025\/10\/Facetune_16-10-2025-13-51-42.jpeg?resize=724%2C1024&amp;ssl=1 724w, https:\/\/i0.wp.com\/weissmarie.com\/wp-content\/uploads\/2025\/10\/Facetune_16-10-2025-13-51-42.jpeg?resize=212%2C300&amp;ssl=1 212w, https:\/\/i0.wp.com\/weissmarie.com\/wp-content\/uploads\/2025\/10\/Facetune_16-10-2025-13-51-42.jpeg?resize=768%2C1087&amp;ssl=1 768w, https:\/\/i0.wp.com\/weissmarie.com\/wp-content\/uploads\/2025\/10\/Facetune_16-10-2025-13-51-42.jpeg?resize=1086%2C1536&amp;ssl=1 1086w, https:\/\/i0.wp.com\/weissmarie.com\/wp-content\/uploads\/2025\/10\/Facetune_16-10-2025-13-51-42.jpeg?resize=1447%2C2048&amp;ssl=1 1447w, https:\/\/i0.wp.com\/weissmarie.com\/wp-content\/uploads\/2025\/10\/Facetune_16-10-2025-13-51-42.jpeg?resize=720%2C1019&amp;ssl=1 720w, https:\/\/i0.wp.com\/weissmarie.com\/wp-content\/uploads\/2025\/10\/Facetune_16-10-2025-13-51-42.jpeg?resize=820%2C1160&amp;ssl=1 820w, https:\/\/i0.wp.com\/weissmarie.com\/wp-content\/uploads\/2025\/10\/Facetune_16-10-2025-13-51-42.jpeg?w=1653&amp;ssl=1 1653w\" sizes=\"auto, (max-width: 724px) 100vw, 724px\" data-recalc-dims=\"1\" \/><\/figure>\n\n\n\n<figure class=\"wp-block-image size-large is-resized\"><img loading=\"lazy\" decoding=\"async\" width=\"683\" height=\"1024\" src=\"https:\/\/i0.wp.com\/weissmarie.com\/wp-content\/uploads\/2023\/08\/facetune_06-12-2022-23-02-46-683x1024.jpg?resize=683%2C1024&#038;ssl=1\" alt=\"\" class=\"wp-image-796\" style=\"width:512px;height:768px\" srcset=\"https:\/\/i0.wp.com\/weissmarie.com\/wp-content\/uploads\/2023\/08\/facetune_06-12-2022-23-02-46.jpg?resize=683%2C1024&amp;ssl=1 683w, https:\/\/i0.wp.com\/weissmarie.com\/wp-content\/uploads\/2023\/08\/facetune_06-12-2022-23-02-46.jpg?resize=200%2C300&amp;ssl=1 200w, https:\/\/i0.wp.com\/weissmarie.com\/wp-content\/uploads\/2023\/08\/facetune_06-12-2022-23-02-46.jpg?resize=768%2C1152&amp;ssl=1 768w, https:\/\/i0.wp.com\/weissmarie.com\/wp-content\/uploads\/2023\/08\/facetune_06-12-2022-23-02-46.jpg?resize=1024%2C1536&amp;ssl=1 1024w, https:\/\/i0.wp.com\/weissmarie.com\/wp-content\/uploads\/2023\/08\/facetune_06-12-2022-23-02-46.jpg?resize=1366%2C2048&amp;ssl=1 1366w, https:\/\/i0.wp.com\/weissmarie.com\/wp-content\/uploads\/2023\/08\/facetune_06-12-2022-23-02-46.jpg?resize=720%2C1080&amp;ssl=1 720w, https:\/\/i0.wp.com\/weissmarie.com\/wp-content\/uploads\/2023\/08\/facetune_06-12-2022-23-02-46.jpg?resize=820%2C1230&amp;ssl=1 820w, https:\/\/i0.wp.com\/weissmarie.com\/wp-content\/uploads\/2023\/08\/facetune_06-12-2022-23-02-46.jpg?w=1369&amp;ssl=1 1369w\" sizes=\"auto, (max-width: 683px) 100vw, 683px\" data-recalc-dims=\"1\" \/><\/figure>\n","protected":false},"excerpt":{"rendered":"<p>Taiteen v\u00e4lityksell\u00e4 kuljen kohti eheytymist\u00e4 ja kollektiivista kokemusta. Maalaan, kirjoitan ja teen sarjakuvia, joissa yhteiskunnalliset ja henkil\u00f6kohtaiset aiheet sulautuvat toisiinsa. [&hellip;]<\/p>\n","protected":false},"author":1,"featured_media":0,"parent":0,"menu_order":0,"comment_status":"closed","ping_status":"closed","template":"page-templates\/template_fullwidth.php","meta":{"footnotes":""},"class_list":["post-9","page","type-page","status-publish","hentry","clearfix"],"_links":{"self":[{"href":"https:\/\/weissmarie.com\/index.php\/wp-json\/wp\/v2\/pages\/9","targetHints":{"allow":["GET"]}}],"collection":[{"href":"https:\/\/weissmarie.com\/index.php\/wp-json\/wp\/v2\/pages"}],"about":[{"href":"https:\/\/weissmarie.com\/index.php\/wp-json\/wp\/v2\/types\/page"}],"author":[{"embeddable":true,"href":"https:\/\/weissmarie.com\/index.php\/wp-json\/wp\/v2\/users\/1"}],"replies":[{"embeddable":true,"href":"https:\/\/weissmarie.com\/index.php\/wp-json\/wp\/v2\/comments?post=9"}],"version-history":[{"count":15,"href":"https:\/\/weissmarie.com\/index.php\/wp-json\/wp\/v2\/pages\/9\/revisions"}],"predecessor-version":[{"id":4166,"href":"https:\/\/weissmarie.com\/index.php\/wp-json\/wp\/v2\/pages\/9\/revisions\/4166"}],"wp:attachment":[{"href":"https:\/\/weissmarie.com\/index.php\/wp-json\/wp\/v2\/media?parent=9"}],"curies":[{"name":"wp","href":"https:\/\/api.w.org\/{rel}","templated":true}]}}